{"id":406,"date":"2016-09-27T09:51:22","date_gmt":"2016-09-27T09:51:22","guid":{"rendered":"http:\/\/fitness2.mythemecloud.io\/?page_id=406"},"modified":"2024-04-02T21:42:46","modified_gmt":"2024-04-02T19:42:46","slug":"studio","status":"publish","type":"page","link":"https:\/\/spirale-energie.fr\/?page_id=406","title":{"rendered":"Studio"},"content":{"rendered":"\t\t<div data-elementor-type=\"wp-post\" data-elementor-id=\"406\" class=\"elementor elementor-406\">\n\t\t\t\t\t\t<section class=\"elementor-section elementor-top-section elementor-element elementor-element-ybrx6zd elementor-section-content-middle elementor-section-boxed elementor-section-height-default elementor-section-height-default\" data-id=\"ybrx6zd\" data-element_type=\"section\" data-e-type=\"section\">\n\t\t\t\t\t\t<div class=\"elementor-container elementor-column-gap-default\">\n\t\t\t\t\t<div class=\"elementor-column elementor-col-50 elementor-top-column elementor-element elementor-element-nm7wyr2\" data-id=\"nm7wyr2\" data-element_type=\"column\" data-e-type=\"column\">\n\t\t\t<div class=\"elementor-widget-wrap elementor-element-populated\">\n\t\t\t\t\t\t<div class=\"elementor-element elementor-element-shc2be8 elementor-widget elementor-widget-image\" data-id=\"shc2be8\" data-element_type=\"widget\" data-e-type=\"widget\" data-widget_type=\"image.default\">\n\t\t\t\t<div class=\"elementor-widget-container\">\n\t\t\t\t\t\t\t\t\t\t\t\t\t\t\t<img fetchpriority=\"high\" decoding=\"async\" width=\"518\" height=\"600\" src=\"https:\/\/spirale-energie.fr\/wp-content\/uploads\/2024\/01\/20200811_025532-518x600.webp\" class=\"attachment-ocean-thumb-m size-ocean-thumb-m wp-image-1193\" alt=\"\" \/>\t\t\t\t\t\t\t\t\t\t\t\t\t\t\t<\/div>\n\t\t\t\t<\/div>\n\t\t\t\t\t<\/div>\n\t\t<\/div>\n\t\t\t\t<div class=\"elementor-column elementor-col-50 elementor-top-column elementor-element elementor-element-r7gqrhq\" data-id=\"r7gqrhq\" data-element_type=\"column\" data-e-type=\"column\">\n\t\t\t<div class=\"elementor-widget-wrap elementor-element-populated\">\n\t\t\t\t\t\t<div class=\"elementor-element elementor-element-x4fpxui elementor-widget elementor-widget-text-editor\" data-id=\"x4fpxui\" data-element_type=\"widget\" data-e-type=\"widget\" data-widget_type=\"text-editor.default\">\n\t\t\t\t<div class=\"elementor-widget-container\">\n\t\t\t\t\t\t\t\t\t<div id=\"bgLayers_comp-lgtpcbum\" class=\"MW5IWV\" data-hook=\"bgLayers\"><h1><b>\u00a0Sandrine FELICES<\/b><\/h1><div id=\"bgMedia_comp-lgtpcbum\" class=\"VgO9Yg\">\u00a0<\/div><\/div><div class=\"\" data-mesh-id=\"comp-lgtpcbuminlineContent\" data-testid=\"inline-content\"><div data-mesh-id=\"comp-lgtpcbuminlineContent-gridContainer\" data-testid=\"mesh-container-content\"><div id=\"comp-lgtpcbwi\" class=\"KcpHeO tz5f0K comp-lgtpcbwi wixui-rich-text\" data-testid=\"richTextElement\"><p class=\"font_8 wixui-rich-text__text\"><span class=\"wixui-rich-text__text\">ENSEIGNANTE \u00a0et\u00a0 SUPERVISEURE\u00a0 dans les domaines<\/span><\/p><p class=\"font_8 wixui-rich-text__text\">\u00a0<\/p><p class=\"font_8 wixui-rich-text__text\"><span class=\"wixui-rich-text__text\">\u00c9nerg\u00e9tique, en Bio r\u00e9sonance et M\u00e9decine Quantique \/\u00a0 Psychologique \/\u00a0 Physique<\/span><\/p><p class=\"font_8 wixui-rich-text__text\"><span class=\"wixui-rich-text__text\">Son domaine de pr\u00e9dilection est : L\u2019ACCOMPAGNEMENT EN \u00a0BIO RESONANCE ENERGETIQUE ET MEDECINE QUANTIQUE ENERGETIQUE<\/span><\/p><p class=\"font_8 wixui-rich-text__text\">\u00a0<\/p><p class=\"font_8 wixui-rich-text__text\"><span class=\"wixui-rich-text__text\">Elle supervise et enseigne le SHOU-ZU, \u00a0m\u00e9thode et Marque qu\u2019elle d\u00e9posera en 2010<\/span><\/p><p class=\"font_8 wixui-rich-text__text\"><span class=\"wixui-rich-text__text\">Comme la Technique holistique qui allie les principes fondamentaux des M\u00e9decines Traditionnelles CHINOISE et COREENNE.<\/span><\/p><p class=\"font_8 wixui-rich-text__text\"><span class=\"wixui-rich-text__text\">Qui l\u2019inspire dans la cr\u00e9ation d\u2019outils th\u00e9rapeutiques de d\u00e9veloppement personnels au travers des jeux et des livres qu\u2019elle r\u00e9alise pour illustrer cette prodigieuse m\u00e9thode d\u2019autonomie.<\/span><\/p><\/div><\/div><\/div>\t\t\t\t\t\t\t\t<\/div>\n\t\t\t\t<\/div>\n\t\t\t\t\t<\/div>\n\t\t<\/div>\n\t\t\t\t\t<\/div>\n\t\t<\/section>\n\t\t\t\t<section class=\"elementor-section elementor-top-section elementor-element elementor-element-qod0lr5 elementor-section-boxed elementor-section-height-default elementor-section-height-default\" data-id=\"qod0lr5\" data-element_type=\"section\" data-e-type=\"section\">\n\t\t\t\t\t\t<div class=\"elementor-container elementor-column-gap-default\">\n\t\t\t\t\t<div class=\"elementor-column elementor-col-100 elementor-top-column elementor-element elementor-element-077q1uq\" data-id=\"077q1uq\" data-element_type=\"column\" data-e-type=\"column\">\n\t\t\t<div class=\"elementor-widget-wrap elementor-element-populated\">\n\t\t\t\t\t\t<div class=\"elementor-element elementor-element-ua4lgrm elementor-widget elementor-widget-heading\" data-id=\"ua4lgrm\" data-element_type=\"widget\" data-e-type=\"widget\" data-widget_type=\"heading.default\">\n\t\t\t\t<div class=\"elementor-widget-container\">\n\t\t\t\t\t<h2 class=\"elementor-heading-title elementor-size-default\">ENERGIE BIEN-ETRE EQUILIBRE<\/h2>\t\t\t\t<\/div>\n\t\t\t\t<\/div>\n\t\t\t\t<div class=\"elementor-element elementor-element-jigf8lk elementor-widget-divider--view-line elementor-widget elementor-widget-divider\" data-id=\"jigf8lk\" data-element_type=\"widget\" data-e-type=\"widget\" data-widget_type=\"divider.default\">\n\t\t\t\t<div class=\"elementor-widget-container\">\n\t\t\t\t\t\t\t<div class=\"elementor-divider\">\n\t\t\t<span class=\"elementor-divider-separator\">\n\t\t\t\t\t\t<\/span>\n\t\t<\/div>\n\t\t\t\t\t\t<\/div>\n\t\t\t\t<\/div>\n\t\t\t\t<div class=\"elementor-element elementor-element-5mtb8ja elementor-arrows-position-inside elementor-widget elementor-widget-image-carousel\" data-id=\"5mtb8ja\" data-element_type=\"widget\" data-e-type=\"widget\" data-settings=\"{&quot;slides_to_show&quot;:&quot;1&quot;,&quot;navigation&quot;:&quot;arrows&quot;,&quot;autoplay&quot;:&quot;yes&quot;,&quot;pause_on_hover&quot;:&quot;yes&quot;,&quot;pause_on_interaction&quot;:&quot;yes&quot;,&quot;autoplay_speed&quot;:5000,&quot;infinite&quot;:&quot;yes&quot;,&quot;effect&quot;:&quot;slide&quot;,&quot;speed&quot;:500}\" data-widget_type=\"image-carousel.default\">\n\t\t\t\t<div class=\"elementor-widget-container\">\n\t\t\t\t\t\t\t<div class=\"elementor-image-carousel-wrapper swiper\" role=\"region\" aria-roledescription=\"carousel\" aria-label=\"Carrousel d\u2019images\" dir=\"ltr\">\n\t\t\t<div class=\"elementor-image-carousel swiper-wrapper\" aria-live=\"off\">\n\t\t\t\t\t\t\t\t<div class=\"swiper-slide\" role=\"group\" aria-roledescription=\"slide\" aria-label=\"1 sur 1\"><figure class=\"swiper-slide-inner\"><img decoding=\"async\" class=\"swiper-slide-image\" src=\"https:\/\/spirale-energie.fr\/wp-content\/uploads\/2023\/11\/IMG_1665.jpg\" alt=\"IMG_1665\" \/><\/figure><\/div>\t\t\t<\/div>\n\t\t\t\t\t<\/div>\n\t\t\t\t\t\t<\/div>\n\t\t\t\t<\/div>\n\t\t\t\t<div class=\"elementor-element elementor-element-i7fhzf9 elementor-widget elementor-widget-text-editor\" data-id=\"i7fhzf9\" data-element_type=\"widget\" data-e-type=\"widget\" data-widget_type=\"text-editor.default\">\n\t\t\t\t<div class=\"elementor-widget-container\">\n\t\t\t\t\t\t\t\t\t<section id=\"comp-lfu34zvc\" class=\"Oqnisf comp-lfu34zvc wixui-section\" tabindex=\"-1\" data-block-level-container=\"ClassicSection\"><div class=\"\" data-mesh-id=\"comp-lfu34zvcinlineContent\" data-testid=\"inline-content\"><div data-mesh-id=\"comp-lfu34zvcinlineContent-gridContainer\" data-testid=\"mesh-container-content\"><div id=\"comp-l5pvdfcw\" class=\"KcpHeO tz5f0K comp-l5pvdfcw wixui-rich-text\" data-testid=\"richTextElement\"><p class=\"font_9 wixui-rich-text__text\"><span class=\"wixui-rich-text__text\"><span class=\"color_15 wixui-rich-text__text\">Je suis une exploratrice, une r\u00eaveuse, qui d\u00e9veloppe, qui pense et bien d&rsquo;autres choses encore. Tous les projets que j&rsquo;ai entrepris ont \u00e9t\u00e9 guid\u00e9s par ma curiosit\u00e9, ma cr\u00e9ativit\u00e9 et mon enthousiasme. J&rsquo;utilise cet espace pour pr\u00e9senter mon travail pr\u00e9sent et pass\u00e9, pour d\u00e9tailler mes futurs r\u00e9alisations et pour faire entendre ma voix dans ce monde. Je suis en \u00e9volution perp\u00e9tuelle, alors ce que vous voyez ici aujourd&rsquo;hui pourrait tr\u00e8s bien ne pas \u00eatre l\u00e0 demain !<\/span><\/span><\/p><\/div><div data-mesh-id=\"comp-lfu34zvcinlineContent-wedge-3\">\u00a0<\/div><\/div><\/div><\/section><section id=\"comp-lgtp09q7\" class=\"Oqnisf comp-lgtp09q7 wixui-section\" tabindex=\"-1\" data-block-level-container=\"ClassicSection\"><div id=\"bgLayers_comp-lgtp09q7\" class=\"MW5IWV\" data-hook=\"bgLayers\">\u00a0<\/div><\/section>\t\t\t\t\t\t\t\t<\/div>\n\t\t\t\t<\/div>\n\t\t\t\t\t<\/div>\n\t\t<\/div>\n\t\t\t\t\t<\/div>\n\t\t<\/section>\n\t\t<div class=\"elementor-element elementor-element-356dbb2 e-flex e-con-boxed e-con e-parent\" data-id=\"356dbb2\" data-element_type=\"container\" data-e-type=\"container\">\n\t\t\t\t\t<div class=\"e-con-inner\">\n\t\t\t\t<div class=\"elementor-element elementor-element-cd74d67 elementor-widget elementor-widget-heading\" data-id=\"cd74d67\" data-element_type=\"widget\" data-e-type=\"widget\" data-widget_type=\"heading.default\">\n\t\t\t\t<div class=\"elementor-widget-container\">\n\t\t\t\t\t<h2 class=\"elementor-heading-title elementor-size-default\">Ouvrages<\/h2>\t\t\t\t<\/div>\n\t\t\t\t<\/div>\n\t\t\t\t\t<\/div>\n\t\t\t\t<\/div>\n\t\t<div class=\"elementor-element elementor-element-4314ff9 e-con-full e-flex e-con e-parent\" data-id=\"4314ff9\" data-element_type=\"container\" data-e-type=\"container\">\n\t\t\t\t<div class=\"elementor-element elementor-element-70ad77b elementor-widget elementor-widget-text-editor\" data-id=\"70ad77b\" data-element_type=\"widget\" data-e-type=\"widget\" data-widget_type=\"text-editor.default\">\n\t\t\t\t<div class=\"elementor-widget-container\">\n\t\t\t\t\t\t\t\t\t<ul data-sourcepos=\"37:1-39:100\"><li data-sourcepos=\"37:1-37:87\"><strong>SHOU-ZU le r\u00e9\u00e9quilibrage \u00e9nerg\u00e9tique en 5 ETAPES nouvelle \u00e9dition<\/strong>\u00a0(Editions ECCE)<\/li><li data-sourcepos=\"38:1-38:100\"><strong>SHOU-ZU le r\u00e9\u00e9quilibrage \u00e9nerg\u00e9tique en 5 ETAPES \u00ab collector \u00e9dition limit\u00e9e \u00bb<\/strong>\u00a0(Editions ECCE)<\/li><li data-sourcepos=\"39:1-39:100\"><strong>SHOU-ZU m\u00e9thode d\u2019apprentissage du r\u00e9\u00e9quilibrage \u00e9nerg\u00e9tique par les MERIDIENS<\/strong>\u00a0(Editions ECCE)<\/li><\/ul>\t\t\t\t\t\t\t\t<\/div>\n\t\t\t\t<\/div>\n\t\t\t\t<div class=\"elementor-element elementor-element-79ffad1 elementor-widget elementor-widget-heading\" data-id=\"79ffad1\" data-element_type=\"widget\" data-e-type=\"widget\" data-widget_type=\"heading.default\">\n\t\t\t\t<div class=\"elementor-widget-container\">\n\t\t\t\t\t<h2 class=\"elementor-heading-title elementor-size-default\">Dipl\u00f4mes et Formations<\/h2>\t\t\t\t<\/div>\n\t\t\t\t<\/div>\n\t\t\t\t<div class=\"elementor-element elementor-element-0a5838b elementor-widget elementor-widget-text-editor\" data-id=\"0a5838b\" data-element_type=\"widget\" data-e-type=\"widget\" data-widget_type=\"text-editor.default\">\n\t\t\t\t<div class=\"elementor-widget-container\">\n\t\t\t\t\t\t\t\t\t<p data-sourcepos=\"5:1-5:63\"><strong>Approche \u00c9nerg\u00e9tique, en Bior\u00e9sonance et M\u00e9decine Quantique<\/strong><\/p><ul data-sourcepos=\"7:1-13:0\"><li data-sourcepos=\"7:1-13:0\"><strong>Master Avanc\u00e9e en Th\u00e9rapie Holistique Certifi\u00e9e en Bior\u00e9sonance \u00c9nerg\u00e9tique et M\u00e9decine Quantique<\/strong><br \/><ul data-sourcepos=\"8:5-13:0\"><li data-sourcepos=\"8:5-8:95\"><strong>Dans l&rsquo;accompagnement avec le POLAR 1000<\/strong>\u00a0(Depuis 2010) &#8211; Formateur :\u00a0<strong>Daniel Bobin<\/strong><\/li><li data-sourcepos=\"9:5-9:90\"><strong>Dans l&rsquo;accompagnement avec le PS 10<\/strong>\u00a0(Depuis 2010) &#8211; Formateur :\u00a0<strong>Daniel Bobin<\/strong><\/li><li data-sourcepos=\"10:5-10:66\"><strong>R\u00e9f\u00e9renc\u00e9e par le PDG International de RAYONEX FRANCE SA<\/strong><\/li><li data-sourcepos=\"11:5-11:97\"><strong>Th\u00e9rapeute R\u00e9f\u00e9rent de la filiale RAYONEX FRANCE pour PARIS Ile de France<\/strong>\u00a0(Depuis 2010)<\/li><li data-sourcepos=\"12:5-13:0\"><strong>Formatrice \u00e0 l&rsquo;utilisation des technologies de Th\u00e9rapie Quantique PS 10 et POLAR 1000<\/strong>\u00a0(De 2010 \u00e0 2011)<\/li><\/ul><\/li><\/ul><p data-sourcepos=\"14:1-14:33\"><strong>Autres Formations et Dipl\u00f4mes<\/strong><\/p><ul data-sourcepos=\"16:1-34:0\"><li data-sourcepos=\"16:1-16:152\"><strong>Liftoreflexologue Agr\u00e9\u00e9e<\/strong>\u00a0(Dipl\u00f4m\u00e9e de l&rsquo;Acad\u00e9mie de REFLEXOLIFTING de TA\u00cfWAN) (Depuis 2008) &#8211; Formateur :\u00a0<strong>Acad\u00e9mie de REFLEXOLIFTING de TA\u00cfWAN<\/strong><\/li><li data-sourcepos=\"17:1-21:97\"><strong>Dipl\u00f4m\u00e9e en M.T.C. M\u00e9decines Traditionnelles Chinoise SHOU-ZU et Cor\u00e9enne SU-JOK<\/strong>\u00a0(De 2005 \u00e0 2009) &#8211; Formateur :\u00a0<strong>Daniel Bobin<\/strong><br \/><ul data-sourcepos=\"18:5-21:97\"><li data-sourcepos=\"18:5-18:101\"><strong>Certifi\u00e9e en \u00e9nerg\u00e9tique en M.T.C. Chinoise niveau II<\/strong>\u00a0(2009) &#8211; Formateur :\u00a0<strong>Daniel Bobin<\/strong><\/li><li data-sourcepos=\"19:5-19:123\"><strong>Dipl\u00f4m\u00e9e en MASTER et MASTER AVANCEE en SU-JOK THERAPIE \/ SHOU-ZU<\/strong>\u00a0(De 2007 \u00e0 2009) &#8211; Formateur :\u00a0<strong>Daniel Bobin<\/strong><\/li><li data-sourcepos=\"20:5-20:98\"><strong>Certifi\u00e9e en \u00e9nerg\u00e9tique M.T.C. Cor\u00e9enne niveau II<\/strong>\u00a0(2009) &#8211; Formateur :\u00a0<strong>Daniel Bobin<\/strong><\/li><li data-sourcepos=\"21:5-21:97\"><strong>Certifi\u00e9e en \u00e9nerg\u00e9tique M.T.C. Cor\u00e9enne niveau I<\/strong>\u00a0(2008) &#8211; Formateur :\u00a0<strong>Daniel Bobin<\/strong><\/li><\/ul><\/li><li data-sourcepos=\"22:1-22:72\"><strong>Fondatrice du 2nd Centre \u00ab CASSIOPEE FORME \u00bb \u00e0 PARIS<\/strong>\u00a0(Depuis 2009)<\/li><li data-sourcepos=\"23:1-23:77\"><strong>Fondatrice du 1er Centre \u00ab CASSIOPEE FORME \u00bb \u00e0 PONTHIERRY<\/strong>\u00a0(Depuis 2007)<\/li><li data-sourcepos=\"24:1-25:125\"><strong>El\u00e8ve d&rsquo;Alfred PFENNIG dans la Formation en sant\u00e9 par la colonne vert\u00e9brale : 1er et 2\u00e8me Degr\u00e9s<\/strong><br \/><ul data-sourcepos=\"25:5-25:125\"><li data-sourcepos=\"25:5-25:125\"><strong>Certifi\u00e9e dans l&rsquo;approche de soins selon les m\u00e9thodes d&rsquo;ost\u00e9opathie DORN et BREUSS<\/strong>\u00a0&#8211; Formateur :\u00a0<strong>Alfred PFENNIG<\/strong><\/li><\/ul><\/li><li data-sourcepos=\"26:1-26:120\"><strong>Praticienne Th\u00e9rapeute R\u00e9f\u00e9rente PHYSIOSCAN en France De PHYSIOQUANTA<\/strong>\u00a0(Depuis 2008) &#8211; Formateur :\u00a0<strong>Daniel Bobin<\/strong><\/li><li data-sourcepos=\"27:1-27:130\"><strong>Dipl\u00f4m\u00e9e du C.E.N.A. Centre Europ\u00e9en de Naturopathie Appliqu\u00e9e en NATUROPATHIE<\/strong>\u00a0(Depuis 2005) &#8211; Formateur :\u00a0<strong>Robert MASSON<\/strong><\/li><li data-sourcepos=\"28:1-28:142\"><strong>Dipl\u00f4m\u00e9e en REIKI de L&rsquo;ECOLE D&rsquo;ENERGETIQUE APPLIQUEE DE PARIS 75011 centre g\u00e9n\u00e9ration TAO<\/strong>\u00a0(Depuis 2004) &#8211; Formateur :\u00a0<strong>Bertille LUGOY<\/strong><\/li><li data-sourcepos=\"29:1-32:64\"><strong>Master Avanc\u00e9e en Sophrologie et Hypnose Clinique<\/strong><br \/><ul data-sourcepos=\"30:5-32:64\"><li data-sourcepos=\"30:5-30:115\"><strong>Dipl\u00f4m\u00e9e des Hautes Etudes de Sophrologie et Bio-Analyse de PARIS<\/strong>\u00a0&#8211; Formateur :\u00a0<strong>Dr Jean-Pierre HUBERT<\/strong><\/li><li data-sourcepos=\"31:5-31:131\"><strong>Enregistrement du titre au RNCP et publication au journal officiel le 29 novembre 2013 en tant que SOPHROLOGUE Niveau III<\/strong><\/li><li data-sourcepos=\"32:5-32:64\"><strong>R\u00e9f\u00e9renc\u00e9e par la SFS Soci\u00e9t\u00e9 Fran\u00e7aise de Sophrologie<\/strong><\/li><\/ul><\/li><li data-sourcepos=\"33:1-34:0\"><strong>Sophrologue Dipl\u00f4m\u00e9e de l&rsquo;EDHES l&rsquo;Ecole Des Hautes Etudes de Sophrologie et Bio-Analyse de PARIS<\/strong>\u00a0(Depuis 2002) &#8211; Formateur :\u00a0<strong>Dr Jean-Pierre HUBERT<\/strong><\/li><\/ul>\t\t\t\t\t\t\t\t<\/div>\n\t\t\t\t<\/div>\n\t\t\t\t<\/div>\n\t\t\t\t<\/div>\n\t\t","protected":false},"excerpt":{"rendered":"<p>\u00a0Sandrine FELICES \u00a0 ENSEIGNANTE \u00a0et\u00a0 SUPERVISEURE\u00a0 dans les domaines \u00a0 \u00c9nerg\u00e9tique, en Bio r\u00e9sonance et M\u00e9decine Quantique \/\u00a0 Psychologique \/\u00a0 Physique Son domaine de pr\u00e9dilection est : L\u2019ACCOMPAGNEMENT EN \u00a0BIO RESONANCE ENERGETIQUE ET MEDECINE QUANTIQUE ENERGETIQUE \u00a0 Elle supervise et enseigne le SHOU-ZU, \u00a0m\u00e9thode et Marque qu\u2019elle d\u00e9posera en 2010 Comme la Technique holistique qui [&hellip;]<\/p>\n","protected":false},"author":1,"featured_media":0,"parent":0,"menu_order":0,"comment_status":"closed","ping_status":"closed","template":"","meta":{"om_disable_all_campaigns":false,"_monsterinsights_skip_tracking":false,"_monsterinsights_sitenote_active":false,"_monsterinsights_sitenote_note":"","_monsterinsights_sitenote_category":0,"_uf_show_specific_survey":0,"_uf_disable_surveys":false,"ocean_post_layout":"full-width","ocean_both_sidebars_style":"","ocean_both_sidebars_content_width":0,"ocean_both_sidebars_sidebars_width":0,"ocean_sidebar":"","ocean_second_sidebar":"","ocean_disable_margins":"enable","ocean_add_body_class":"","ocean_shortcode_before_top_bar":"","ocean_shortcode_after_top_bar":"","ocean_shortcode_before_header":"","ocean_shortcode_after_header":"","ocean_has_shortcode":"","ocean_shortcode_after_title":"","ocean_shortcode_before_footer_widgets":"","ocean_shortcode_after_footer_widgets":"","ocean_shortcode_before_footer_bottom":"","ocean_shortcode_after_footer_bottom":"","ocean_display_top_bar":"default","ocean_display_header":"default","ocean_header_style":"","ocean_center_header_left_menu":"","ocean_custom_header_template":"","ocean_custom_logo":0,"ocean_custom_retina_logo":0,"ocean_custom_logo_max_width":0,"ocean_custom_logo_tablet_max_width":0,"ocean_custom_logo_mobile_max_width":0,"ocean_custom_logo_max_height":0,"ocean_custom_logo_tablet_max_height":0,"ocean_custom_logo_mobile_max_height":0,"ocean_header_custom_menu":"","ocean_menu_typo_font_family":"","ocean_menu_typo_font_subset":"","ocean_menu_typo_font_size":0,"ocean_menu_typo_font_size_tablet":0,"ocean_menu_typo_font_size_mobile":0,"ocean_menu_typo_font_size_unit":"px","ocean_menu_typo_font_weight":"","ocean_menu_typo_font_weight_tablet":"","ocean_menu_typo_font_weight_mobile":"","ocean_menu_typo_transform":"","ocean_menu_typo_transform_tablet":"","ocean_menu_typo_transform_mobile":"","ocean_menu_typo_line_height":0,"ocean_menu_typo_line_height_tablet":0,"ocean_menu_typo_line_height_mobile":0,"ocean_menu_typo_line_height_unit":"","ocean_menu_typo_spacing":0,"ocean_menu_typo_spacing_tablet":0,"ocean_menu_typo_spacing_mobile":0,"ocean_menu_typo_spacing_unit":"","ocean_menu_link_color":"","ocean_menu_link_color_hover":"","ocean_menu_link_color_active":"","ocean_menu_link_background":"","ocean_menu_link_hover_background":"","ocean_menu_link_active_background":"","ocean_menu_social_links_bg":"","ocean_menu_social_hover_links_bg":"","ocean_menu_social_links_color":"","ocean_menu_social_hover_links_color":"","ocean_disable_title":"on","ocean_disable_heading":"default","ocean_post_title":"","ocean_post_subheading":"","ocean_post_title_style":"","ocean_post_title_background_color":"","ocean_post_title_background":0,"ocean_post_title_bg_image_position":"","ocean_post_title_bg_image_attachment":"","ocean_post_title_bg_image_repeat":"","ocean_post_title_bg_image_size":"","ocean_post_title_height":0,"ocean_post_title_bg_overlay":0.5,"ocean_post_title_bg_overlay_color":"","ocean_disable_breadcrumbs":"default","ocean_breadcrumbs_color":"","ocean_breadcrumbs_separator_color":"","ocean_breadcrumbs_links_color":"","ocean_breadcrumbs_links_hover_color":"","ocean_display_footer_widgets":"default","ocean_display_footer_bottom":"default","ocean_custom_footer_template":"","footnotes":""},"class_list":["post-406","page","type-page","status-publish","hentry","entry","owp-thumbs-layout-horizontal","owp-btn-normal","owp-tabs-layout-horizontal","has-no-thumbnails","has-product-nav"],"aioseo_notices":[],"_links":{"self":[{"href":"https:\/\/spirale-energie.fr\/index.php?rest_route=\/wp\/v2\/pages\/406","targetHints":{"allow":["GET"]}}],"collection":[{"href":"https:\/\/spirale-energie.fr\/index.php?rest_route=\/wp\/v2\/pages"}],"about":[{"href":"https:\/\/spirale-energie.fr\/index.php?rest_route=\/wp\/v2\/types\/page"}],"author":[{"embeddable":true,"href":"https:\/\/spirale-energie.fr\/index.php?rest_route=\/wp\/v2\/users\/1"}],"replies":[{"embeddable":true,"href":"https:\/\/spirale-energie.fr\/index.php?rest_route=%2Fwp%2Fv2%2Fcomments&post=406"}],"version-history":[{"count":12,"href":"https:\/\/spirale-energie.fr\/index.php?rest_route=\/wp\/v2\/pages\/406\/revisions"}],"predecessor-version":[{"id":1249,"href":"https:\/\/spirale-energie.fr\/index.php?rest_route=\/wp\/v2\/pages\/406\/revisions\/1249"}],"wp:attachment":[{"href":"https:\/\/spirale-energie.fr\/index.php?rest_route=%2Fwp%2Fv2%2Fmedia&parent=406"}],"curies":[{"name":"wp","href":"https:\/\/api.w.org\/{rel}","templated":true}]}}